{"id":1288,"date":"2024-09-19T09:51:15","date_gmt":"2024-09-19T09:51:15","guid":{"rendered":"https:\/\/cannacademy360.com\/?page_id=1288"},"modified":"2024-09-19T09:53:35","modified_gmt":"2024-09-19T09:53:35","slug":"join-now","status":"publish","type":"page","link":"https:\/\/cannacademy360.com\/de\/join-now\/","title":{"rendered":"Join now!"},"content":{"rendered":"<div data-elementor-type=\"wp-page\" data-elementor-id=\"1288\" class=\"elementor elementor-1288\" data-elementor-post-type=\"page\">\n\t\t\t\t<div class=\"elementor-element elementor-element-0e4ae33 e-flex e-con-boxed e-con e-parent\" data-id=\"0e4ae33\" data-element_type=\"container\" data-settings=\"{&quot;background_background&quot;:&quot;classic&quot;}\">\n\t\t\t\t\t<div class=\"e-con-inner\">\n\t\t\t\t<div class=\"elementor-element elementor-element-449df4a elementor-widget elementor-widget-heading\" data-id=\"449df4a\" data-element_type=\"widget\" data-widget_type=\"heading.default\">\n\t\t\t\t<div class=\"elementor-widget-container\">\n\t\t\t\t\t<span class=\"elementor-heading-title elementor-size-default\">Cannabis Cultivation Courses<\/span>\t\t\t\t<\/div>\n\t\t\t\t<\/div>\n\t\t\t\t<div class=\"elementor-element elementor-element-3335820 elementor-widget elementor-widget-heading\" data-id=\"3335820\" data-element_type=\"widget\" data-widget_type=\"heading.default\">\n\t\t\t\t<div class=\"elementor-widget-container\">\n\t\t\t\t\t<h2 class=\"elementor-heading-title elementor-size-default\">Werde in Sekunden zur Anbaulegende. Probier es jetzt aus.<img decoding=\"async\" role=\"img\" class=\"emoji\" alt=\"\ud83d\udc47\" src=\"https:\/\/s.w.org\/images\/core\/emoji\/15.0.3\/svg\/1f447.svg\"><\/h2>\t\t\t\t<\/div>\n\t\t\t\t<\/div>\n\t\t<div class=\"elementor-element elementor-element-b7b03b8 e-flex e-con-boxed e-con e-child\" data-id=\"b7b03b8\" data-element_type=\"container\">\n\t\t\t\t\t<div class=\"e-con-inner\">\n\t\t<div class=\"elementor-element elementor-element-d8cbdab e-con-full e-flex e-con e-child\" data-id=\"d8cbdab\" data-element_type=\"container\" data-settings=\"{&quot;background_background&quot;:&quot;classic&quot;}\">\n\t\t\t\t<div class=\"elementor-element elementor-element-2126d69 elementor-widget elementor-widget-heading\" data-id=\"2126d69\" data-element_type=\"widget\" data-widget_type=\"heading.default\">\n\t\t\t\t<div class=\"elementor-widget-container\">\n\t\t\t\t\t<span class=\"elementor-heading-title elementor-size-default\">Bitte gib deine Daten unten ein, um dich auf die Warteliste einzutragen.\n<\/span>\t\t\t\t<\/div>\n\t\t\t\t<\/div>\n\t\t<div class=\"elementor-element elementor-element-1a4cbdc e-con-full e-flex e-con e-child\" data-id=\"1a4cbdc\" data-element_type=\"container\">\n\t\t\t\t<div class=\"elementor-element elementor-element-0023167 elementor-button-align-start elementor-widget elementor-widget-form\" data-id=\"0023167\" data-element_type=\"widget\" data-settings=\"{&quot;step_next_label&quot;:&quot;Next&quot;,&quot;step_previous_label&quot;:&quot;Previous&quot;,&quot;step_type&quot;:&quot;number_text&quot;,&quot;step_icon_shape&quot;:&quot;circle&quot;}\" data-widget_type=\"form.default\">\n\t\t\t\t<div class=\"elementor-widget-container\">\n\t\t\t\t\t\t\t<form class=\"elementor-form\" method=\"post\" name=\"New Form\" aria-label=\"New Form\" action=\"\">\n\t\t\t<input type=\"hidden\" name=\"post_id\" value=\"1288\"\/>\n\t\t\t<input type=\"hidden\" name=\"form_id\" value=\"0023167\"\/>\n\t\t\t<input type=\"hidden\" name=\"referer_title\" value=\"\" \/>\n\n\t\t\t\n\t\t\t<div class=\"elementor-form-fields-wrapper elementor-labels-above\">\n\t\t\t\t\t\t\t\t<div class=\"elementor-field-type-text elementor-field-group elementor-column elementor-field-group-name elementor-col-100 elementor-field-required\">\n\t\t\t\t\t\t\t\t\t\t\t\t<label for=\"form-field-name\" class=\"elementor-field-label\">\n\t\t\t\t\t\t\t\t*Name\t\t\t\t\t\t\t<\/label>\n\t\t\t\t\t\t\t\t\t\t\t\t\t\t<input size=\"1\" type=\"text\" name=\"form_fields[name]\" id=\"form-field-name\" class=\"elementor-field elementor-size-md  elementor-field-textual\" placeholder=\"Dein Name\" required=\"required\">\n\t\t\t\t\t\t\t\t\t\t\t<\/div>\n\t\t\t\t\t\t\t\t<div class=\"elementor-field-type-email elementor-field-group elementor-column elementor-field-group-email elementor-col-100 elementor-field-required\">\n\t\t\t\t\t\t\t\t\t\t\t\t<label for=\"form-field-email\" class=\"elementor-field-label\">\n\t\t\t\t\t\t\t\t*Email\t\t\t\t\t\t\t<\/label>\n\t\t\t\t\t\t\t\t\t\t\t\t\t\t<input size=\"1\" type=\"email\" name=\"form_fields[email]\" id=\"form-field-email\" class=\"elementor-field elementor-size-md  elementor-field-textual\" placeholder=\"Dein Email\" required=\"required\">\n\t\t\t\t\t\t\t\t\t\t\t<\/div>\n\t\t\t\t\t\t\t\t<div class=\"elementor-field-type-checkbox elementor-field-group elementor-column elementor-field-group-field_f8bd293 elementor-col-100\">\n\t\t\t\t\t<div class=\"elementor-field-subgroup  elementor-subgroup-inline\"><span class=\"elementor-field-option\"><input type=\"checkbox\" value=\"Homegrow\" id=\"form-field-field_f8bd293-0\" name=\"form_fields[field_f8bd293][]\"> <label for=\"form-field-field_f8bd293-0\">Homegrow<\/label><\/span><span class=\"elementor-field-option\"><input type=\"checkbox\" value=\"Social Club\" id=\"form-field-field_f8bd293-1\" name=\"form_fields[field_f8bd293][]\"> <label for=\"form-field-field_f8bd293-1\">Social Club<\/label><\/span><span class=\"elementor-field-option\"><input type=\"checkbox\" value=\"Commercial\" id=\"form-field-field_f8bd293-2\" name=\"form_fields[field_f8bd293][]\"> <label for=\"form-field-field_f8bd293-2\">Kommerziell<\/label><\/span><\/div>\t\t\t\t<\/div>\n\t\t\t\t\t\t\t\t<div class=\"elementor-field-type-acceptance elementor-field-group elementor-column elementor-field-group-field_cc7c8bd elementor-col-100 elementor-field-required\">\n\t\t\t\t\t\t\t<div class=\"elementor-field-subgroup\">\n\t\t\t<span class=\"elementor-field-option\">\n\t\t\t\t<input type=\"checkbox\" name=\"form_fields[field_cc7c8bd]\" id=\"form-field-field_cc7c8bd\" class=\"elementor-field elementor-size-md  elementor-acceptance-field\" required=\"required\">\n\t\t\t\t<label for=\"form-field-field_cc7c8bd\">Durch das Absenden dieses Formulars erkl\u00e4rst du dich damit einverstanden, dass deine Daten verwendet werden, um dich bez\u00fcglich deines Interesses an unseren Kursen zu kontaktieren, in \u00dcbereinstimmung mit der DSGVO.\n<\/label>\t\t\t<\/span>\n\t\t<\/div>\n\t\t\t\t\t\t<\/div>\n\t\t\t\t\t\t\t\t<div class=\"elementor-field-group elementor-column elementor-field-type-submit elementor-col-100 e-form__buttons\">\n\t\t\t\t\t<button class=\"elementor-button elementor-size-md\" type=\"submit\">\n\t\t\t\t\t\t<span class=\"elementor-button-content-wrapper\">\n\t\t\t\t\t\t\t\t\t\t\t\t\t\t\t\t\t\t\t\t\t\t<span class=\"elementor-button-text\">Auf die Warteliste eintragen<\/span>\n\t\t\t\t\t\t\t\t\t\t\t\t\t<\/span>\n\t\t\t\t\t<\/button>\n\t\t\t\t<\/div>\n\t\t\t<\/div>\n\t\t<input type=\"hidden\" name=\"trp-form-language\" value=\"de\"\/><\/form>\n\t\t\t\t\t\t<\/div>\n\t\t\t\t<\/div>\n\t\t\t\t<\/div>\n\t\t\t\t<\/div>\n\t\t\t\t\t<\/div>\n\t\t\t\t<\/div>\n\t\t\t\t\t<\/div>\n\t\t\t\t<\/div>\n\t\t\t\t<\/div>","protected":false},"excerpt":{"rendered":"<p>Cannabis Cultivation Courses Become a growing legend in seconds. Try it now Please fill in your details below to join the waitlist.<\/p>","protected":false},"author":1,"featured_media":0,"parent":0,"menu_order":0,"comment_status":"closed","ping_status":"closed","template":"","meta":{"_acf_changed":false,"footnotes":""},"acf":[],"_links":{"self":[{"href":"https:\/\/cannacademy360.com\/de\/wp-json\/wp\/v2\/pages\/1288"}],"collection":[{"href":"https:\/\/cannacademy360.com\/de\/wp-json\/wp\/v2\/pages"}],"about":[{"href":"https:\/\/cannacademy360.com\/de\/wp-json\/wp\/v2\/types\/page"}],"author":[{"embeddable":true,"href":"https:\/\/cannacademy360.com\/de\/wp-json\/wp\/v2\/users\/1"}],"replies":[{"embeddable":true,"href":"https:\/\/cannacademy360.com\/de\/wp-json\/wp\/v2\/comments?post=1288"}],"version-history":[{"count":10,"href":"https:\/\/cannacademy360.com\/de\/wp-json\/wp\/v2\/pages\/1288\/revisions"}],"predecessor-version":[{"id":1300,"href":"https:\/\/cannacademy360.com\/de\/wp-json\/wp\/v2\/pages\/1288\/revisions\/1300"}],"wp:attachment":[{"href":"https:\/\/cannacademy360.com\/de\/wp-json\/wp\/v2\/media?parent=1288"}],"curies":[{"name":"wp","href":"https:\/\/api.w.org\/{rel}","templated":true}]}}